{"id":485,"date":"2025-03-26T12:20:32","date_gmt":"2025-03-26T16:20:32","guid":{"rendered":"https:\/\/cihc-chic.ca\/a-propos\/"},"modified":"2025-06-20T13:23:54","modified_gmt":"2025-06-20T17:23:54","slug":"a-propos","status":"publish","type":"page","link":"https:\/\/cihc-chic.ca\/fr\/a-propos\/","title":{"rendered":"\u00c0 propos"},"content":{"rendered":"\n<p>L&rsquo;Association des arpenteurs des terres du Canada (AATC), en collaboration avec l&rsquo;Association canadienne d&rsquo;hydrographie (ACH), a \u00e9labor\u00e9 un mod\u00e8le de certification pour les hydrographes et les arpenteurs offshore qui a \u00e9t\u00e9 officiellement reconnu par le Comit\u00e9 international des normes et de la comp\u00e9tence pour les hydrographes et les cartographes maritimes (IBSC) de l&rsquo;OHI, de la FIG et de l&rsquo;ICA en avril 2016 et qui est d\u00e9sormais pr\u00eat \u00e0 recevoir des candidatures.<\/p>\n\n<p>Le programme AATC SICH est le deuxi\u00e8me programme reconnu \u00e0 l&rsquo;\u00e9chelle internationale. Il vise \u00e0 promouvoir la formation accr\u00e9dit\u00e9e de cat\u00e9gorie A ou B de l&rsquo;IBSC au Canada, tout en normalisant les exigences en mati\u00e8re de connaissances et d&rsquo;exp\u00e9rience pour les personnes qui poss\u00e8dent une formation et une exp\u00e9rience non accr\u00e9dit\u00e9es en lev\u00e9s hydrographiques.<\/p>\n\n<p>Le programme l&rsquo;SICH AATC comporte trois niveaux de certification. Le premier niveau s&rsquo;adresse aux chefs de projet et aux gestionnaires, le deuxi\u00e8me niveau aux technologues et le troisi\u00e8me aux cadres sup\u00e9rieurs. Chaque niveau propose diff\u00e9rents parcours menant \u00e0 la certification. Il existe des parcours disponibles aux niveaux 1 et 2 pour les personnes qui ne poss\u00e8dent pas de formation accr\u00e9dit\u00e9e par l&rsquo;IBSC de cat\u00e9gorie A ou B afin d&rsquo;obtenir la certification. Le programme de certification SICH AATC est ouvert aux hydrographes et aux g\u00e9om\u00e8tres offshore mandat\u00e9s ou non par L&rsquo;AATC au Canada et \u00e0 l&rsquo;\u00e9tranger.<\/p>\n\n<p>La certification par un hydrographe ou un g\u00e9om\u00e8tre offshore est souhaitable pour les raisons suivantes :<\/p>\n\n<ul class=\"wp-block-list\">\n<li>La certification offre un parcours professionnel structur\u00e9 et officiellement reconnu aux hydrographes et aux g\u00e9om\u00e8tres offshore.<\/li>\n\n\n\n<li>D\u00e9termine le niveau d&rsquo;expertise et de comp\u00e9tence des hydrographes ou des g\u00e9om\u00e8tres offshore.<\/li>\n\n\n\n<li>Veille \u00e0 ce que le g\u00e9om\u00e8tre hydrographique ou offshore soit au courant des \u00e9volutions technologiques dans ces secteurs.<\/li>\n\n\n\n<li>Offre au titulaire du certificat un profil am\u00e9lior\u00e9 au sein de son secteur d&rsquo;activit\u00e9.<\/li>\n\n\n\n<li>Pr\u00e9pare les hydrographes ou les g\u00e9om\u00e8tres offshore \u00e0 la prochaine expansion mondiale dans ces secteurs.<\/li>\n<\/ul>\n\n<p>For complete information on the program\u00a0and for the necessary forms to apply for the program,\u00a0go to the<a href=\"https:\/\/cihc-chic.ca\/fr\/formulaires\/\" data-type=\"page\" data-id=\"70\"> \u201cForms\u201d page<\/a>.\u00a0<\/p>\n\n<div class=\"wp-block-buttons is-content-justification-center is-layout-flex wp-container-core-buttons-is-layout-a89b3969 wp-block-buttons-is-layout-flex\">\n<div class=\"wp-block-button\"><a class=\"wp-block-button__link has-background has-text-align-center wp-element-button\" href=\"https:\/\/form.jotform.com\/250065409549056\" style=\"background-color:#0d2a59\">Inscrivez-vous d\u00e8s maintenant<\/a><\/div>\n<\/div>\n\n<p>Pour plus d&rsquo;informations : envoyez-nous un courriel \u00e0 <a href=\"mailto:hydrography@acls-aatc.ca\">hydrography@acls-aatc.ca<\/a><\/p>\n\n<figure class=\"wp-block-image size-large\"><img loading=\"lazy\" decoding=\"async\" width=\"1024\" height=\"682\" src=\"https:\/\/cihc-chic.ca\/cihc-chic-content\/uploads\/2025\/03\/SweepSurvey-1024x682.jpg\" alt=\"\" class=\"wp-image-48\" srcset=\"https:\/\/cihc-chic.ca\/cihc-chic-content\/uploads\/2025\/03\/SweepSurvey-1024x682.jpg 1024w, https:\/\/cihc-chic.ca\/cihc-chic-content\/uploads\/2025\/03\/SweepSurvey-300x200.jpg 300w, https:\/\/cihc-chic.ca\/cihc-chic-content\/uploads\/2025\/03\/SweepSurvey-768x511.jpg 768w, https:\/\/cihc-chic.ca\/cihc-chic-content\/uploads\/2025\/03\/SweepSurvey.jpg 1320w\" sizes=\"auto, (max-width: 1024px) 100vw, 1024px\" \/><\/figure>\n","protected":false},"excerpt":{"rendered":"<p>L&rsquo;Association des arpenteurs des terres du Canada (AATC), en collaboration avec l&rsquo;Association canadienne d&rsquo;hydrographie (ACH), a \u00e9labor\u00e9 un mod\u00e8le de certification pour les hydrographes et les arpenteurs offshore qui a \u00e9t\u00e9 officiellement reconnu par le Comit\u00e9 international des normes et de la comp\u00e9tence pour les hydrographes et les cartographes maritimes (IBSC) de l&rsquo;OHI, de la [&hellip;]<\/p>\n","protected":false},"author":29,"featured_media":69,"parent":0,"menu_order":0,"comment_status":"closed","ping_status":"closed","template":"","meta":{"footnotes":""},"class_list":["post-485","page","type-page","status-publish","has-post-thumbnail","hentry"],"_links":{"self":[{"href":"https:\/\/cihc-chic.ca\/fr\/wp-json\/wp\/v2\/pages\/485","targetHints":{"allow":["GET"]}}],"collection":[{"href":"https:\/\/cihc-chic.ca\/fr\/wp-json\/wp\/v2\/pages"}],"about":[{"href":"https:\/\/cihc-chic.ca\/fr\/wp-json\/wp\/v2\/types\/page"}],"author":[{"embeddable":true,"href":"https:\/\/cihc-chic.ca\/fr\/wp-json\/wp\/v2\/users\/29"}],"replies":[{"embeddable":true,"href":"https:\/\/cihc-chic.ca\/fr\/wp-json\/wp\/v2\/comments?post=485"}],"version-history":[{"count":3,"href":"https:\/\/cihc-chic.ca\/fr\/wp-json\/wp\/v2\/pages\/485\/revisions"}],"predecessor-version":[{"id":488,"href":"https:\/\/cihc-chic.ca\/fr\/wp-json\/wp\/v2\/pages\/485\/revisions\/488"}],"wp:featuredmedia":[{"embeddable":true,"href":"https:\/\/cihc-chic.ca\/fr\/wp-json\/wp\/v2\/media\/69"}],"wp:attachment":[{"href":"https:\/\/cihc-chic.ca\/fr\/wp-json\/wp\/v2\/media?parent=485"}],"curies":[{"name":"wp","href":"https:\/\/api.w.org\/{rel}","templated":true}]}}