{"id":76,"date":"2025-03-26T12:20:44","date_gmt":"2025-03-26T16:20:44","guid":{"rendered":"https:\/\/cihc-chic.ca\/appliquer\/"},"modified":"2025-10-15T15:45:16","modified_gmt":"2025-10-15T19:45:16","slug":"appliquer","status":"publish","type":"page","link":"https:\/\/cihc-chic.ca\/fr\/appliquer\/","title":{"rendered":"Appliquer"},"content":{"rendered":"\n<div class=\"wp-block-columns alignfull is-layout-flex wp-container-core-columns-is-layout-9c22b1e3 wp-block-columns-is-layout-flex\">\n<div class=\"wp-block-column is-layout-flow wp-block-column-is-layout-flow\" style=\"flex-basis:55%\">\n<div style=\"aspect-ratio:16\/9;min-height:unset;\" class=\"wp-block-cover is-light has-aspect-ratio\"><img loading=\"lazy\" decoding=\"async\" width=\"2000\" height=\"1500\" class=\"wp-block-cover__image-background wp-image-38\" alt=\"\" src=\"https:\/\/cihc-chic.ca\/cihc-chic-content\/uploads\/2025\/03\/DSCN0621.jpg\" data-object-fit=\"cover\" srcset=\"https:\/\/cihc-chic.ca\/cihc-chic-content\/uploads\/2025\/03\/DSCN0621.jpg 2000w, https:\/\/cihc-chic.ca\/cihc-chic-content\/uploads\/2025\/03\/DSCN0621-300x225.jpg 300w, https:\/\/cihc-chic.ca\/cihc-chic-content\/uploads\/2025\/03\/DSCN0621-1024x768.jpg 1024w, https:\/\/cihc-chic.ca\/cihc-chic-content\/uploads\/2025\/03\/DSCN0621-768x576.jpg 768w, https:\/\/cihc-chic.ca\/cihc-chic-content\/uploads\/2025\/03\/DSCN0621-1536x1152.jpg 1536w\" sizes=\"auto, (max-width: 2000px) 100vw, 2000px\" \/><span aria-hidden=\"true\" class=\"wp-block-cover__background has-background-dim-0 has-background-dim\" style=\"background-color:#94989e\"><\/span><div class=\"wp-block-cover__inner-container is-layout-flow wp-block-cover-is-layout-flow\">\n<div style=\"height:var(--wp--preset--spacing--20)\" aria-hidden=\"true\" class=\"wp-block-spacer\"><\/div>\n<\/div><\/div>\n<\/div>\n\n\n\n<div class=\"wp-block-column is-vertically-aligned-center is-layout-flow wp-block-column-is-layout-flow\" style=\"padding-top:var(--wp--preset--spacing--60);padding-right:var(--wp--preset--spacing--60);padding-bottom:var(--wp--preset--spacing--60);padding-left:var(--wp--preset--spacing--60)\">\n<h2 class=\"wp-block-heading has-xx-large-font-size\">Niveaux de certification<\/h2>\n\n\n\n<p class=\"has-medium-font-size\">Le Syst\u00e8me international de certification hydrographique (SICH AATC) comprend trois niveaux de certification :<\/p>\n\n\n\n<ul class=\"wp-block-list\">\n<li>Hydrographe certifi\u00e9 (CH)<\/li>\n<\/ul>\n\n\n\n<ul class=\"wp-block-list\">\n<li>Technicien hydrographique certifi\u00e9 (CHTech)<\/li>\n<\/ul>\n\n\n\n<ul class=\"wp-block-list\">\n<li>Ex\u00e9cutant hydrographique certifi\u00e9 (CHE)<\/li>\n<\/ul>\n\n\n\n<p class=\"has-medium-font-size\">Les candidats inscrits \u00e0 un programme d&rsquo;\u00e9tudes postsecondaires de premi\u00e8re ann\u00e9e peuvent s&rsquo;inscrire \u00e0 la certification de niveau 1 ou 2 et \u00eatre d\u00e9sign\u00e9s comme \u00ab en formation \u00bb.<\/p>\n\n\n\n<p class=\"has-medium-font-size\">.<\/p>\n<\/div>\n<\/div>\n\n\n\n<div class=\"wp-block-group alignfull has-global-padding is-layout-constrained wp-container-core-group-is-layout-54af5b55 wp-block-group-is-layout-constrained\" style=\"margin-top:0;margin-bottom:0;padding-top:var(--wp--preset--spacing--60);padding-bottom:var(--wp--preset--spacing--60)\">\n<h2 class=\"wp-block-heading alignwide has-text-align-center has-x-large-font-size\"><strong>Dossier de candidature<\/strong><\/h2>\n\n\n\n<p class=\"has-medium-font-size\">La certification est ouverte aux g\u00e9om\u00e8tres et hydrographes offshore agr\u00e9\u00e9s ou non par le AATC, au Canada et \u00e0 l&rsquo;\u00e9tranger. La certification \u00e0 chaque niveau s&rsquo;obtient par le biais de plusieurs parcours structur\u00e9s, chacun fond\u00e9 sur des comp\u00e9tences hydrographiques reconnues, une exp\u00e9rience op\u00e9rationnelle et un niveau de formation. Des parcours sont disponibles aux niveaux 1 et 2 pour les personnes qui ne poss\u00e8dent pas de formation accr\u00e9dit\u00e9e par l&rsquo;IBSC de cat\u00e9gorie A ou B.<\/p>\n\n\n\n<p class=\"has-medium-font-size\">Pour en savoir plus sur les conditions requises pour obtenir la certification, veuillez t\u00e9l\u00e9charger le <a href=\"https:\/\/cihc-chic.ca\/cihc-chic-content\/uploads\/2025\/03\/ACLS-IHCS-Candidate-Handbook-Jan-2023-V12-1.pdf\">Guide du candidat <\/a>et vous rendre sur la page Formulaires afin de t\u00e9l\u00e9charger et remplir tous les documents n\u00e9cessaires pour vous inscrire.<\/p>\n<\/div>\n\n\n\n<div class=\"wp-block-group alignfull has-global-padding is-layout-constrained wp-block-group-is-layout-constrained\" style=\"margin-top:0;margin-bottom:0;padding-top:var(--wp--preset--spacing--50);padding-bottom:var(--wp--preset--spacing--50)\">\n<div class=\"wp-block-columns alignwide is-layout-flex wp-container-core-columns-is-layout-fa584acd wp-block-columns-is-layout-flex\">\n<div class=\"wp-block-column is-vertically-aligned-center is-layout-flow wp-block-column-is-layout-flow\">\n<h2 class=\"wp-block-heading has-xx-large-font-size\">Renouvellement de votre certification<\/h2>\n\n\n\n<p class=\"has-medium-font-size\">La premi\u00e8re ann\u00e9e de votre certification est valable pour l&rsquo;ann\u00e9e au cours de laquelle elle a \u00e9t\u00e9 d\u00e9livr\u00e9e.<\/p>\n\n\n\n<p class=\"has-medium-font-size\">\u00c0 compter du 1er janvier de l&rsquo;ann\u00e9e suivante, vous devrez renouveler votre certification chaque ann\u00e9e afin de d\u00e9montrer que vous maintenez le niveau de comp\u00e9tence requis.<\/p>\n\n\n\n<p class=\"has-medium-font-size\">Une fois vos frais de renouvellement pay\u00e9s et les documents de renouvellement soumis et approuv\u00e9s par le AATC, vous recevrez un autocollant de renouvellement \u00e0 apposer sur votre certificat SICH pour l&rsquo;ann\u00e9e correspondante. Les documents requis et les frais de renouvellement doivent \u00eatre soumis avant le 1er janvier. Nous vous recommandons donc de soumettre votre demande de renouvellement entre 30 et 45 jours avant la date d&rsquo;\u00e9ch\u00e9ance afin de rester en r\u00e8gle.<\/p>\n\n\n\n<h1 class=\"wp-block-heading is-style-default has-x-large-font-size\">Formulaires de renouvellement :<\/h1>\n\n\n\n<p class=\"has-text-align-left has-accent-3-color has-text-color has-link-color has-medium-font-size wp-elements-f241bd59e768531e67baabb60428c7ef\">Formulaire de renouvellement SICH AATC <a href=\"https:\/\/cihc-chic.ca\/cihc-chic-content\/uploads\/2025\/10\/SICH-AATC-Formulaire-renouvellement-V4.docx\">(WORD)<\/a><\/p>\n\n\n\n<p class=\"has-text-align-left has-accent-3-color has-text-color has-link-color has-medium-font-size wp-elements-13a6e56de796fd595e805d1d617e0f79\">Registre d&rsquo;exp\u00e9rience SICH AATC pour le renouvellement du certificat <a href=\"https:\/\/cihc-chic.ca\/cihc-chic-content\/uploads\/2025\/10\/SICH-AATC-Journal-dexperience-renouvellement-V10.docx\">(WORD)<\/a><\/p>\n\n\n\n<p class=\"has-contrast-color has-text-color has-link-color has-medium-font-size wp-elements-0de9994d7057daf6d04fd99d11406b53\"><b>Veuillez consulter la section \u00ab Renouvellement de la certification \u00bb du <\/b><a href=\"https:\/\/www.acls-aatc.ca\/cihc-chic-content\/uploads\/2023\/04\/ACLS-IHCS-Candidate-Handbook-Jan-2023-V12-1.pdf\"><b>Guide du candidat SICH AATC<\/b><\/a><b> pour plus d&rsquo;informations et pour conna\u00eetre les conditions requises pour renouveler votre certification.<\/b><\/p>\n<\/div>\n\n\n\n<div class=\"wp-block-column is-vertically-aligned-center is-layout-flow wp-block-column-is-layout-flow\">\n<figure class=\"wp-block-image size-full\"><img loading=\"lazy\" decoding=\"async\" width=\"761\" height=\"540\" src=\"https:\/\/cihc-chic.ca\/cihc-chic-content\/uploads\/2025\/03\/Zach_Topo.jpg\" alt=\"\" class=\"wp-image-50\" style=\"aspect-ratio:16\/9;object-fit:cover\" srcset=\"https:\/\/cihc-chic.ca\/cihc-chic-content\/uploads\/2025\/03\/Zach_Topo.jpg 761w, https:\/\/cihc-chic.ca\/cihc-chic-content\/uploads\/2025\/03\/Zach_Topo-300x213.jpg 300w\" sizes=\"auto, (max-width: 761px) 100vw, 761px\" \/><\/figure>\n<\/div>\n<\/div>\n<\/div>\n\n\n\n<div class=\"wp-block-group alignfull has-global-padding is-layout-constrained wp-block-group-is-layout-constrained\" style=\"margin-top:0;margin-bottom:0\">\n<div class=\"wp-block-group alignwide is-layout-flow wp-container-core-group-is-layout-d58a0413 wp-block-group-is-layout-flow\" style=\"padding-top:var(--wp--preset--spacing--50);padding-bottom:var(--wp--preset--spacing--50)\">\n<h2 class=\"wp-block-heading has-x-large-font-size\">Questions fr\u00e9quemment pos\u00e9es concernant les demandes ou les renouvellements<\/h2>\n\n\n\n<div class=\"wp-block-columns is-layout-flex wp-container-core-columns-is-layout-cbe57604 wp-block-columns-is-layout-flex\">\n<div class=\"wp-block-column is-layout-flow wp-block-column-is-layout-flow\">\n<div class=\"wp-block-group is-layout-flow wp-block-group-is-layout-flow\" style=\"border-top-color:var(--wp--preset--color--accent-6);border-top-width:1px;padding-top:var(--wp--preset--spacing--30);padding-bottom:var(--wp--preset--spacing--30)\">\n<h3 class=\"wp-block-heading\">Que se passe-t-il apr\u00e8s avoir soumis ma demande de certification ?<\/h3>\n\n\n\n<p class=\"has-medium-font-size\">Une fois votre candidature soumise via le formulaire en ligne, vous recevrez un accus\u00e9 de r\u00e9ception automatique \u00e0 l&rsquo;adresse courriel indiqu\u00e9e dans votre candidature. Pour les nouvelles candidatures, le registraire contacte le Comit\u00e9 international de certification hydrographique (PICH). Le PICH d\u00e9signera un sous-groupe de trois membres du comit\u00e9 charg\u00e9 d&rsquo;examiner les qualifications du candidat. \u00c0 partir des relev\u00e9s de notes des \u00e9tablissements d&rsquo;enseignement, de l&rsquo;exp\u00e9rience attest\u00e9e par les carnets de bord, des r\u00e9f\u00e9rences et de la r\u00e9alisation obligatoire de projets et de rapports de projet, l&rsquo;PICH recevra un rapport d&rsquo;\u00e9valuation du sous-groupe accompagn\u00e9 d&rsquo;une ou plusieurs recommandations concernant la certification du candidat. Le PICH accepte, rejette ou modifie alors la ou les recommandations et la d\u00e9cision est communiqu\u00e9e au candidat par l&rsquo;AATC. Le traitement d&rsquo;une nouvelle candidature peut prendre entre deux et six semaines.<\/p>\n<\/div>\n<\/div>\n\n\n\n<div class=\"wp-block-column is-layout-flow wp-block-column-is-layout-flow\">\n<div class=\"wp-block-group is-layout-flow wp-block-group-is-layout-flow\" style=\"border-top-color:var(--wp--preset--color--accent-6);border-top-width:1px;padding-top:var(--wp--preset--spacing--30);padding-bottom:var(--wp--preset--spacing--30)\">\n<h3 class=\"wp-block-heading\">O\u00f9 dois-je saisir mes informations relatives \u00e0 la formation professionnelle continue (FPC) ?<\/h3>\n\n\n\n<p class=\"has-medium-font-size\">Toutes les personnes certifi\u00e9es doivent s&rsquo;assurer que leur formation professionnelle continue a \u00e9t\u00e9 enregistr\u00e9e sur le <a href=\"https:\/\/geoed.ca\/\">site Web de GeoEd<\/a> avant le 1er janvier de l&rsquo;ann\u00e9e civile pr\u00e9c\u00e9dente (du 1er janvier au 31 d\u00e9cembre). Ces informations seront examin\u00e9es par le registraire de l&rsquo;AATC lors du processus de renouvellement.<\/p>\n<\/div>\n<\/div>\n<\/div>\n\n\n\n<div class=\"wp-block-columns is-layout-flex wp-container-core-columns-is-layout-cbe57604 wp-block-columns-is-layout-flex\">\n<div class=\"wp-block-column is-layout-flow wp-block-column-is-layout-flow\">\n<div class=\"wp-block-group is-layout-flow wp-block-group-is-layout-flow\" style=\"border-top-color:var(--wp--preset--color--accent-6);border-top-width:1px;padding-top:var(--wp--preset--spacing--30);padding-bottom:var(--wp--preset--spacing--30)\">\n<h3 class=\"wp-block-heading\">J&rsquo;ai \u00e9tudi\u00e9 l&rsquo;hydrographie pendant mes \u00e9tudes postsecondaires. Y a-t-il des exemptions pour moi ?<\/h3>\n\n\n\n<p class=\"has-medium-font-size\">Les dipl\u00f4m\u00e9s d&rsquo;un programme universitaire reconnu par l&rsquo;IBSC de cat\u00e9gorie S-5A (Cat A) ou S-5B (Cat B) et poss\u00e9dant une exp\u00e9rience pertinente en hydrographie peuvent pr\u00e9senter une demande \u00e0 l&rsquo;ACLS afin d&rsquo;obtenir le titre d&rsquo;hydrographe certifi\u00e9 au niveau CH, CHE ou CHTech, selon leurs qualifications. Une personne qui n&rsquo;est pas dipl\u00f4m\u00e9e d&rsquo;un programme Cat A ou Cat B, mais qui d\u00e9tient un dipl\u00f4me d&rsquo;un programme d&rsquo;enseignement g\u00e9ospatial n&rsquo;importe o\u00f9 dans le monde, ainsi qu&rsquo;une exp\u00e9rience pertinente en hydrographie, peut \u00e9galement s&rsquo;inscrire pour devenir hydrographe certifi\u00e9 au niveau CH, CHE ou CHTech, selon ses qualifications.<\/p>\n<\/div>\n<\/div>\n\n\n\n<div class=\"wp-block-column is-layout-flow wp-block-column-is-layout-flow\">\n<div class=\"wp-block-group is-layout-flow wp-block-group-is-layout-flow\" style=\"border-top-color:var(--wp--preset--color--accent-6);border-top-width:1px;padding-top:var(--wp--preset--spacing--30);padding-bottom:var(--wp--preset--spacing--30)\">\n<h3 class=\"wp-block-heading\">J&rsquo;ai une commission ATC. Suis-je exempt\u00e9 du renouvellement dans le cadre de l&rsquo;SICH ?<\/h3>\n\n\n\n<p class=\"has-medium-font-size\">Non, vous n&rsquo;\u00eates pas exempt\u00e9. En tant que ATC, vous devrez remplir la plupart des conditions requises pour le renouvellement de votre certification hydrographique ; toutefois, vous \u00eates exempt\u00e9 de l&rsquo;obligation de fournir un SICH AATC<i> \u2013 Experience Logbook<\/i> (carnet de bord) d\u00fbment rempli pour l&rsquo;ann\u00e9e civile pr\u00e9c\u00e9dente. Veuillez vous reporter \u00e0 la section \u00ab Certification Renewal \u00bb (Renouvellement de la certification) du <a href=\"https:\/\/cihc-chic.ca\/cihc-chic-content\/uploads\/2025\/03\/ACLS-IHCS-Candidate-Handbook-Jan-2023-V12-1.pdf\"><i>ACLS IHCS Candidate Handbook<\/i><\/a> (Guide du candidat SICH AATC) pour plus d&rsquo;informations et pour conna\u00eetre les conditions requises pour le renouvellement de votre certification.<\/p>\n\n\n\n<p><\/p>\n<\/div>\n<\/div>\n<\/div>\n<\/div>\n<\/div>\n\n\n\n<aside class=\"wp-block-group alignfull is-style-section-3 has-global-padding is-layout-constrained wp-container-core-group-is-layout-f0f2a97b wp-block-group-is-layout-constrained is-style-section-3--1\" style=\"margin-top:0;margin-bottom:0;padding-top:var(--wp--preset--spacing--50);padding-right:var(--wp--preset--spacing--50);padding-bottom:var(--wp--preset--spacing--50);padding-left:var(--wp--preset--spacing--50)\">\n<div class=\"wp-block-group is-vertical is-content-justification-center is-layout-flex wp-container-core-group-is-layout-8778ca4a wp-block-group-is-layout-flex\" style=\"min-height:360px;margin-top:0;margin-bottom:0\">\n<h2 class=\"wp-block-heading has-text-align-center has-xx-large-font-size\">\u00cates-vous pr\u00eat pour une carri\u00e8re passionnante dans le domaine de l&rsquo;hydrographie ?<\/h2>\n\n\n\n<p class=\"has-text-align-center is-style-text-subtitle has-medium-font-size is-style-text-subtitle--2\">Les hydrographes contribuent \u00e0 la planification et \u00e0 l&rsquo;ex\u00e9cution s\u00fbres et efficaces des projets maritimes, notamment la gestion c\u00f4ti\u00e8re, les \u00e9nergies renouvelables en mer et l&rsquo;arch\u00e9ologie sous-marine.<\/p>\n\n\n\n<p class=\"has-text-align-center is-style-text-subtitle has-medium-font-size is-style-text-subtitle--3\">Ils peuvent travailler dans divers endroits, des r\u00e9gions c\u00f4ti\u00e8res aux zones offshore \u00e9loign\u00e9es, et peuvent participer \u00e0 des projets nationaux et internationaux.<\/p>\n\n\n\n<p class=\"has-text-align-center is-style-text-subtitle has-large-font-size is-style-text-subtitle--4\">D\u00e9marquez-vous. Passez au niveau sup\u00e9rieur. Pr\u00e9parez-vous pour l&rsquo;avenir !<\/p>\n\n\n\n<div style=\"height:0px\" aria-hidden=\"true\" class=\"wp-block-spacer wp-container-content-62aae154\"><\/div>\n\n\n\n<div class=\"wp-block-buttons is-content-justification-center is-layout-flex wp-container-core-buttons-is-layout-a89b3969 wp-block-buttons-is-layout-flex\">\n<div class=\"wp-block-button\"><a class=\"wp-block-button__link has-text-align-center wp-element-button\" href=\"https:\/\/form.jotform.com\/250065409549056\">Inscrivez-vous !<\/a><\/div>\n<\/div>\n<\/div>\n<\/aside>\n\n\n\n<p><\/p>\n","protected":false},"excerpt":{"rendered":"<p>Niveaux de certification Le Syst\u00e8me international de certification hydrographique (SICH AATC) comprend trois niveaux de certification : Les candidats inscrits \u00e0 un programme d&rsquo;\u00e9tudes postsecondaires de premi\u00e8re ann\u00e9e peuvent s&rsquo;inscrire \u00e0 la certification de niveau 1 ou 2 et \u00eatre d\u00e9sign\u00e9s comme \u00ab en formation \u00bb. . Dossier de candidature La certification est ouverte aux [&hellip;]<\/p>\n","protected":false},"author":29,"featured_media":0,"parent":0,"menu_order":0,"comment_status":"closed","ping_status":"closed","template":"","meta":{"footnotes":""},"class_list":["post-76","page","type-page","status-publish","hentry"],"_links":{"self":[{"href":"https:\/\/cihc-chic.ca\/fr\/wp-json\/wp\/v2\/pages\/76","targetHints":{"allow":["GET"]}}],"collection":[{"href":"https:\/\/cihc-chic.ca\/fr\/wp-json\/wp\/v2\/pages"}],"about":[{"href":"https:\/\/cihc-chic.ca\/fr\/wp-json\/wp\/v2\/types\/page"}],"author":[{"embeddable":true,"href":"https:\/\/cihc-chic.ca\/fr\/wp-json\/wp\/v2\/users\/29"}],"replies":[{"embeddable":true,"href":"https:\/\/cihc-chic.ca\/fr\/wp-json\/wp\/v2\/comments?post=76"}],"version-history":[{"count":2,"href":"https:\/\/cihc-chic.ca\/fr\/wp-json\/wp\/v2\/pages\/76\/revisions"}],"predecessor-version":[{"id":569,"href":"https:\/\/cihc-chic.ca\/fr\/wp-json\/wp\/v2\/pages\/76\/revisions\/569"}],"wp:attachment":[{"href":"https:\/\/cihc-chic.ca\/fr\/wp-json\/wp\/v2\/media?parent=76"}],"curies":[{"name":"wp","href":"https:\/\/api.w.org\/{rel}","templated":true}]}}