{"id":77,"date":"2025-03-26T12:21:44","date_gmt":"2025-03-26T16:21:44","guid":{"rendered":"https:\/\/cihc-chic.ca\/contact\/"},"modified":"2025-06-23T16:15:52","modified_gmt":"2025-06-23T20:15:52","slug":"contact","status":"publish","type":"page","link":"https:\/\/cihc-chic.ca\/fr\/contact\/","title":{"rendered":"Contact"},"content":{"rendered":"\n<div class=\"wp-block-cover alignfull is-light has-contrast-color has-text-color has-link-color wp-elements-26c183ea5d7597455ee4acd41a413ee0\" style=\"margin-top:0;margin-bottom:0;padding-top:var(--wp--preset--spacing--60);padding-right:var(--wp--preset--spacing--50);padding-bottom:var(--wp--preset--spacing--60);padding-left:var(--wp--preset--spacing--50)\"><span aria-hidden=\"true\" class=\"wp-block-cover__background has-base-background-color has-background-dim-100 has-background-dim\"><\/span><div class=\"wp-block-cover__inner-container has-global-padding is-layout-constrained wp-container-core-cover-is-layout-873ee6b1 wp-block-cover-is-layout-constrained\">\n<div class=\"wp-block-columns alignwide is-layout-flex wp-container-core-columns-is-layout-7ee84d44 wp-block-columns-is-layout-flex\">\n<div class=\"wp-block-column is-layout-flow wp-block-column-is-layout-flow\" style=\"flex-basis:65%\">\n<div class=\"wp-block-group is-vertical is-content-justification-stretch is-layout-flex wp-container-core-group-is-layout-353c4f5a wp-block-group-is-layout-flex\">\n<h2 class=\"wp-block-heading has-text-align-left\" style=\"font-size:clamp(2.917rem, 2.917rem + ((1vw - 0.2rem) * 4.365), 5.7rem);font-style:normal;font-weight:300;letter-spacing:-0.03em;line-height:1.4\">SICH<\/h2>\n\n\n\n<p class=\"is-style-text-subtitle is-style-text-subtitle--1\">Pour plus d&rsquo;informations : hydrography@acls-aatc.ca<\/p>\n\n\n\n<p class=\"is-style-text-subtitle is-style-text-subtitle--2\"><strong>Association des arpenteurs des terres du Canada<\/strong><br\/><br\/>900, chemin Dynes, bureau 100E<br\/>Ottawa (Ontario) Canada K2C 3L6<br\/><a href=\"tel:1-613-723-9200\">\u00a01-613-723-9200<\/a><\/p>\n<\/div>\n<\/div>\n\n\n\n<div class=\"wp-block-column is-layout-flow wp-block-column-is-layout-flow\" style=\"flex-basis:35%\">\n<div class=\"wp-block-group is-vertical is-content-justification-stretch is-nowrap is-layout-flex wp-container-core-group-is-layout-73b0033c wp-block-group-is-layout-flex\">\n<p class=\"has-text-align-right has-x-large-font-size\" style=\"line-height:1.2\"> <br\/> <br\/> <\/p>\n<\/div>\n\n\n\n<figure class=\"wp-block-gallery has-nested-images columns-default is-cropped wp-block-gallery-3 is-layout-flex wp-block-gallery-is-layout-flex\">\n<figure class=\"wp-block-image size-large\"><img loading=\"lazy\" decoding=\"async\" width=\"726\" height=\"771\" data-id=\"51\" src=\"https:\/\/cihc-chic.ca\/cihc-chic-content\/uploads\/2025\/03\/2-Hydropgraphy-image.jpg\" alt=\"\" class=\"wp-image-51\" srcset=\"https:\/\/cihc-chic.ca\/cihc-chic-content\/uploads\/2025\/03\/2-Hydropgraphy-image.jpg 726w, https:\/\/cihc-chic.ca\/cihc-chic-content\/uploads\/2025\/03\/2-Hydropgraphy-image-282x300.jpg 282w\" sizes=\"auto, (max-width: 726px) 100vw, 726px\" \/><\/figure>\n\n\n\n<figure class=\"wp-block-image size-large\"><img loading=\"lazy\" decoding=\"async\" width=\"750\" height=\"742\" data-id=\"43\" src=\"https:\/\/cihc-chic.ca\/cihc-chic-content\/uploads\/2025\/03\/Miramichi-Calibrations.jpg\" alt=\"\" class=\"wp-image-43\" srcset=\"https:\/\/cihc-chic.ca\/cihc-chic-content\/uploads\/2025\/03\/Miramichi-Calibrations.jpg 750w, https:\/\/cihc-chic.ca\/cihc-chic-content\/uploads\/2025\/03\/Miramichi-Calibrations-300x297.jpg 300w\" sizes=\"auto, (max-width: 750px) 100vw, 750px\" \/><\/figure>\n\n\n\n<figure class=\"wp-block-image size-large\"><img loading=\"lazy\" decoding=\"async\" width=\"1024\" height=\"767\" data-id=\"39\" src=\"https:\/\/cihc-chic.ca\/cihc-chic-content\/uploads\/2025\/03\/Geodesea-in-Souris-1024x767.jpg\" alt=\"\" class=\"wp-image-39\" srcset=\"https:\/\/cihc-chic.ca\/cihc-chic-content\/uploads\/2025\/03\/Geodesea-in-Souris-1024x767.jpg 1024w, https:\/\/cihc-chic.ca\/cihc-chic-content\/uploads\/2025\/03\/Geodesea-in-Souris-300x225.jpg 300w, https:\/\/cihc-chic.ca\/cihc-chic-content\/uploads\/2025\/03\/Geodesea-in-Souris-768x575.jpg 768w, https:\/\/cihc-chic.ca\/cihc-chic-content\/uploads\/2025\/03\/Geodesea-in-Souris-1536x1150.jpg 1536w, https:\/\/cihc-chic.ca\/cihc-chic-content\/uploads\/2025\/03\/Geodesea-in-Souris.jpg 2000w\" sizes=\"auto, (max-width: 1024px) 100vw, 1024px\" \/><\/figure>\n\n\n\n<figure class=\"wp-block-image size-large\"><img loading=\"lazy\" decoding=\"async\" width=\"1024\" height=\"768\" data-id=\"45\" src=\"https:\/\/cihc-chic.ca\/cihc-chic-content\/uploads\/2025\/03\/Picture2-1024x768.jpg\" alt=\"\" class=\"wp-image-45\" srcset=\"https:\/\/cihc-chic.ca\/cihc-chic-content\/uploads\/2025\/03\/Picture2-1024x768.jpg 1024w, https:\/\/cihc-chic.ca\/cihc-chic-content\/uploads\/2025\/03\/Picture2-300x225.jpg 300w, https:\/\/cihc-chic.ca\/cihc-chic-content\/uploads\/2025\/03\/Picture2-768x576.jpg 768w, https:\/\/cihc-chic.ca\/cihc-chic-content\/uploads\/2025\/03\/Picture2.jpg 1100w\" sizes=\"auto, (max-width: 1024px) 100vw, 1024px\" \/><\/figure>\n<\/figure>\n<\/div>\n<\/div>\n\n\n\n<p><\/p>\n<\/div><\/div>\n\n<figure class=\"wp-block-gallery has-nested-images columns-default is-cropped wp-block-gallery-4 is-layout-flex wp-block-gallery-is-layout-flex\">\n<figure class=\"wp-block-image size-large\"><img loading=\"lazy\" decoding=\"async\" width=\"1024\" height=\"768\" data-id=\"36\" src=\"https:\/\/cihc-chic.ca\/cihc-chic-content\/uploads\/2025\/03\/Bockmaster-1024x768.jpg\" alt=\"\" class=\"wp-image-36\" srcset=\"https:\/\/cihc-chic.ca\/cihc-chic-content\/uploads\/2025\/03\/Bockmaster-1024x768.jpg 1024w, https:\/\/cihc-chic.ca\/cihc-chic-content\/uploads\/2025\/03\/Bockmaster-300x225.jpg 300w, https:\/\/cihc-chic.ca\/cihc-chic-content\/uploads\/2025\/03\/Bockmaster-768x576.jpg 768w, https:\/\/cihc-chic.ca\/cihc-chic-content\/uploads\/2025\/03\/Bockmaster-1536x1152.jpg 1536w, https:\/\/cihc-chic.ca\/cihc-chic-content\/uploads\/2025\/03\/Bockmaster.jpg 1792w\" sizes=\"auto, (max-width: 1024px) 100vw, 1024px\" \/><\/figure>\n\n\n\n<figure class=\"wp-block-image size-large\"><img loading=\"lazy\" decoding=\"async\" width=\"780\" height=\"1024\" data-id=\"47\" src=\"https:\/\/cihc-chic.ca\/cihc-chic-content\/uploads\/2025\/03\/Shoal-780x1024.jpg\" alt=\"\" class=\"wp-image-47\" srcset=\"https:\/\/cihc-chic.ca\/cihc-chic-content\/uploads\/2025\/03\/Shoal-780x1024.jpg 780w, https:\/\/cihc-chic.ca\/cihc-chic-content\/uploads\/2025\/03\/Shoal-228x300.jpg 228w, https:\/\/cihc-chic.ca\/cihc-chic-content\/uploads\/2025\/03\/Shoal-768x1009.jpg 768w, https:\/\/cihc-chic.ca\/cihc-chic-content\/uploads\/2025\/03\/Shoal.jpg 992w\" sizes=\"auto, (max-width: 780px) 100vw, 780px\" \/><\/figure>\n\n\n\n<figure class=\"wp-block-image size-large\"><img loading=\"lazy\" decoding=\"async\" width=\"390\" height=\"444\" data-id=\"40\" src=\"https:\/\/cihc-chic.ca\/cihc-chic-content\/uploads\/2025\/03\/Geodesea.jpg\" alt=\"\" class=\"wp-image-40\" srcset=\"https:\/\/cihc-chic.ca\/cihc-chic-content\/uploads\/2025\/03\/Geodesea.jpg 390w, https:\/\/cihc-chic.ca\/cihc-chic-content\/uploads\/2025\/03\/Geodesea-264x300.jpg 264w\" sizes=\"auto, (max-width: 390px) 100vw, 390px\" \/><\/figure>\n<\/figure>\n\n<div class=\"wp-block-group alignfull is-style-section-3 has-global-padding is-content-justification-center is-layout-constrained wp-block-group-is-layout-constrained is-style-section-3--5\" style=\"padding-top:0;padding-bottom:0\">\n<div class=\"wp-block-group alignwide is-layout-flow wp-block-group-is-layout-flow\">\n<p><\/p>\n\n\n\n<p>  <\/p>\n\n\n\n<h2 class=\"wp-block-heading has-text-align-center is-style-default has-xx-large-font-size\" style=\"margin-right:var(--wp--preset--spacing--80);margin-left:var(--wp--preset--spacing--80);font-style:normal;font-weight:600;letter-spacing:-0.02em\">\u00cates-vous pr\u00eat pour une carri\u00e8re passionnante dans le domaine de l&rsquo;hydrographie ?<\/h2>\n\n\n\n<p class=\"has-text-align-center\" style=\"border-radius:50px;margin-top:0;margin-right:var(--wp--preset--spacing--80);margin-bottom:0;margin-left:var(--wp--preset--spacing--80);font-style:normal;font-weight:100\">Les hydrographes contribuent \u00e0 la planification et \u00e0 l&rsquo;ex\u00e9cution s\u00fbres et efficaces des projets maritimes, notamment la gestion c\u00f4ti\u00e8re, les \u00e9nergies renouvelables en mer et l&rsquo;arch\u00e9ologie sous-marine.<\/p>\n\n\n\n<p style=\"border-radius:50px;margin-top:0;margin-right:var(--wp--preset--spacing--80);margin-bottom:0;margin-left:var(--wp--preset--spacing--80);font-style:normal;font-weight:100\"><\/p>\n\n\n\n<p class=\"has-text-align-center\" style=\"border-radius:50px;margin-top:0;margin-right:var(--wp--preset--spacing--80);margin-bottom:0;margin-left:var(--wp--preset--spacing--80);font-style:normal;font-weight:100\">Ils peuvent travailler dans divers endroits, des r\u00e9gions c\u00f4ti\u00e8res aux zones offshore \u00e9loign\u00e9es, et peuvent participer \u00e0 des projets nationaux et internationaux.<\/p>\n\n\n\n<p class=\"has-text-align-center has-x-large-font-size\">D\u00e9marquez-vous. Passez au niveau sup\u00e9rieur. Pr\u00e9parez-vous pour l&rsquo;avenir.<\/p>\n\n\n\n<div class=\"wp-block-buttons is-content-justification-center is-layout-flex wp-container-core-buttons-is-layout-a89b3969 wp-block-buttons-is-layout-flex\">\n<div class=\"wp-block-button\"><a class=\"wp-block-button__link has-text-align-center wp-element-button\" href=\"https:\/\/form.jotform.com\/250065409549056\" target=\"_blank\" rel=\"noreferrer noopener\">Inscrivez-vous !<\/a><\/div>\n<\/div>\n\n\n\n<div style=\"height:var(--wp--preset--spacing--50)\" aria-hidden=\"true\" class=\"wp-block-spacer\"><\/div>\n\n\n\n<div class=\"wp-block-group alignfull is-content-justification-space-between is-layout-flex wp-container-core-group-is-layout-9366075c wp-block-group-is-layout-flex\">\n<p class=\"has-small-font-size\"><\/p>\n\n\n\n<p class=\"has-small-font-size\"><\/p>\n<\/div>\n<\/div>\n<\/div>\n\n<p><\/p>\n","protected":false},"excerpt":{"rendered":"<p>\u00cates-vous pr\u00eat pour une carri\u00e8re passionnante dans le domaine de l&rsquo;hydrographie ? Les hydrographes contribuent \u00e0 la planification et \u00e0 l&rsquo;ex\u00e9cution s\u00fbres et efficaces des projets maritimes, notamment la gestion c\u00f4ti\u00e8re, les \u00e9nergies renouvelables en mer et l&rsquo;arch\u00e9ologie sous-marine. Ils peuvent travailler dans divers endroits, des r\u00e9gions c\u00f4ti\u00e8res aux zones offshore \u00e9loign\u00e9es, et peuvent participer [&hellip;]<\/p>\n","protected":false},"author":29,"featured_media":0,"parent":0,"menu_order":0,"comment_status":"closed","ping_status":"closed","template":"","meta":{"footnotes":""},"class_list":["post-77","page","type-page","status-publish","hentry"],"_links":{"self":[{"href":"https:\/\/cihc-chic.ca\/fr\/wp-json\/wp\/v2\/pages\/77","targetHints":{"allow":["GET"]}}],"collection":[{"href":"https:\/\/cihc-chic.ca\/fr\/wp-json\/wp\/v2\/pages"}],"about":[{"href":"https:\/\/cihc-chic.ca\/fr\/wp-json\/wp\/v2\/types\/page"}],"author":[{"embeddable":true,"href":"https:\/\/cihc-chic.ca\/fr\/wp-json\/wp\/v2\/users\/29"}],"replies":[{"embeddable":true,"href":"https:\/\/cihc-chic.ca\/fr\/wp-json\/wp\/v2\/comments?post=77"}],"version-history":[{"count":3,"href":"https:\/\/cihc-chic.ca\/fr\/wp-json\/wp\/v2\/pages\/77\/revisions"}],"predecessor-version":[{"id":496,"href":"https:\/\/cihc-chic.ca\/fr\/wp-json\/wp\/v2\/pages\/77\/revisions\/496"}],"wp:attachment":[{"href":"https:\/\/cihc-chic.ca\/fr\/wp-json\/wp\/v2\/media?parent=77"}],"curies":[{"name":"wp","href":"https:\/\/api.w.org\/{rel}","templated":true}]}}