{"id":79,"date":"2025-03-27T15:34:08","date_gmt":"2025-03-27T19:34:08","guid":{"rendered":"https:\/\/cihc-chic.ca\/formulaires\/"},"modified":"2025-06-23T16:34:51","modified_gmt":"2025-06-23T20:34:51","slug":"formulaires","status":"publish","type":"page","link":"https:\/\/cihc-chic.ca\/fr\/formulaires\/","title":{"rendered":"Formulaires"},"content":{"rendered":"\n<p class=\"has-contrast-color has-text-color has-link-color has-xx-large-font-size wp-elements-597c6806dd16e0bdb222a19ed16def08\"><strong>POUR LES CANDIDATS<\/strong><\/p>\n\n<h4 class=\"wp-block-heading has-accent-3-color has-text-color has-link-color has-large-font-size wp-elements-334aa5ca30952475c2d8a2eea8271c09\"><\/h4>\n\n<figure class=\"wp-block-gallery has-nested-images columns-default is-cropped wp-block-gallery-1 is-layout-flex wp-block-gallery-is-layout-flex\">\n<figure class=\"wp-block-image size-large\"><img loading=\"lazy\" decoding=\"async\" width=\"1024\" height=\"683\" data-id=\"49\" src=\"https:\/\/cihc-chic.ca\/cihc-chic-content\/uploads\/2025\/03\/the-otter-1024x683.jpg\" alt=\"\" class=\"wp-image-49\" srcset=\"https:\/\/cihc-chic.ca\/cihc-chic-content\/uploads\/2025\/03\/the-otter-1024x683.jpg 1024w, https:\/\/cihc-chic.ca\/cihc-chic-content\/uploads\/2025\/03\/the-otter-300x200.jpg 300w, https:\/\/cihc-chic.ca\/cihc-chic-content\/uploads\/2025\/03\/the-otter-768x512.jpg 768w, https:\/\/cihc-chic.ca\/cihc-chic-content\/uploads\/2025\/03\/the-otter-1536x1024.jpg 1536w, https:\/\/cihc-chic.ca\/cihc-chic-content\/uploads\/2025\/03\/the-otter.jpg 1980w\" sizes=\"auto, (max-width: 1024px) 100vw, 1024px\" \/><\/figure>\n\n\n\n<figure class=\"wp-block-image size-large\"><img loading=\"lazy\" decoding=\"async\" width=\"1024\" height=\"768\" data-id=\"36\" src=\"https:\/\/cihc-chic.ca\/cihc-chic-content\/uploads\/2025\/03\/Bockmaster-1024x768.jpg\" alt=\"\" class=\"wp-image-36\" srcset=\"https:\/\/cihc-chic.ca\/cihc-chic-content\/uploads\/2025\/03\/Bockmaster-1024x768.jpg 1024w, https:\/\/cihc-chic.ca\/cihc-chic-content\/uploads\/2025\/03\/Bockmaster-300x225.jpg 300w, https:\/\/cihc-chic.ca\/cihc-chic-content\/uploads\/2025\/03\/Bockmaster-768x576.jpg 768w, https:\/\/cihc-chic.ca\/cihc-chic-content\/uploads\/2025\/03\/Bockmaster-1536x1152.jpg 1536w, https:\/\/cihc-chic.ca\/cihc-chic-content\/uploads\/2025\/03\/Bockmaster.jpg 1792w\" sizes=\"auto, (max-width: 1024px) 100vw, 1024px\" \/><\/figure>\n\n\n\n<figure class=\"wp-block-image size-large\"><img loading=\"lazy\" decoding=\"async\" width=\"1024\" height=\"768\" data-id=\"42\" src=\"https:\/\/cihc-chic.ca\/cihc-chic-content\/uploads\/2025\/03\/Media-1-1024x768.jpg\" alt=\"\" class=\"wp-image-42\" srcset=\"https:\/\/cihc-chic.ca\/cihc-chic-content\/uploads\/2025\/03\/Media-1-1024x768.jpg 1024w, https:\/\/cihc-chic.ca\/cihc-chic-content\/uploads\/2025\/03\/Media-1-300x225.jpg 300w, https:\/\/cihc-chic.ca\/cihc-chic-content\/uploads\/2025\/03\/Media-1-768x576.jpg 768w, https:\/\/cihc-chic.ca\/cihc-chic-content\/uploads\/2025\/03\/Media-1-1536x1152.jpg 1536w, https:\/\/cihc-chic.ca\/cihc-chic-content\/uploads\/2025\/03\/Media-1.jpg 2016w\" sizes=\"auto, (max-width: 1024px) 100vw, 1024px\" \/><\/figure>\n<\/figure>\n\n<ul style=\"line-height:1.2\" class=\"wp-block-list has-accent-3-color has-text-color has-link-color wp-elements-a18baca88d1a34f715f85be1cb275f59\">\n<li>Guide du candidat (<a href=\"https:\/\/cihc-chic.ca\/cihc-chic-content\/uploads\/2025\/03\/ACLS-IHCS-Candidate-Handbook-Jan-2023-V12-1-1.pdf\">PDF<\/a>)<\/li>\n\n\n\n<li>Liste de contr\u00f4le pour la demande d&rsquo;adh\u00e9sion \u00e0 le SICH AATC (<a href=\"https:\/\/www.acls-aatc.ca\/cihc-chic-content\/uploads\/2022\/07\/ACLS-IHCS-Application-Checklist-V7.docx\">WORD)<\/a><\/li>\n\n\n\n<li>Instructions pour remplir le formulaire SICH AATC <a href=\"https:\/\/www.acls-aatc.ca\/cihc-chic-content\/uploads\/2022\/06\/ACLS_IHCS_Application_Instructions_V9.pdf\">(PDF)<\/a><\/li>\n\n\n\n<li>Formulaire d&rsquo;auto-\u00e9valuation SICH AATC <a href=\"https:\/\/www.acls-aatc.ca\/cihc-chic-content\/uploads\/2022\/07\/ACLS-IHCS-Self-Assessment-Form-V4.docx\">(WORD)<\/a><\/li>\n\n\n\n<li>Registre d&rsquo;exp\u00e9rience SICH AATC pour la demande initiale <a href=\"https:\/\/www.acls-aatc.ca\/cihc-chic-content\/uploads\/2022\/07\/ACLS-IHCS-Loogbook-for-Initial-Application-V10.docx\">(WORD)<\/a><\/li>\n\n\n\n<li>R\u00e9sum\u00e9 du journal de bord SICH AATC <a href=\"https:\/\/www.acls-aatc.ca\/cihc-chic-content\/uploads\/2022\/09\/ACLS-IHCS-Logbook-Summary-V7.docx\">(WORD)<\/a><\/li>\n\n\n\n<li>Instructions relatives au registre SICH AATC <a href=\"https:\/\/www.acls-aatc.ca\/cihc-chic-content\/uploads\/2022\/06\/ACLS_IHCS_Logbook_Instructions_V10.pdf\">(PDF)<\/a><\/li>\n\n\n\n<li>Instructions relatives au registre SICH AATC <a href=\"https:\/\/www.acls-aatc.ca\/cihc-chic-content\/uploads\/2022\/06\/ACLS_IHCS_Logbook_Instructions_V10.pdf\">(PDF)<\/a><\/li>\n\n\n\n<li>Demande d&rsquo;approbation du rapport du projet SICH AATC <a href=\"https:\/\/www.acls-aatc.ca\/cihc-chic-content\/uploads\/2022\/07\/ACLS-IHCS-Project-Report-Approval-Request-V5.docx\">(WORD)<\/a><\/li>\n\n\n\n<li>Directives pour le rapport sur le projet SICH AATC (<a href=\"https:\/\/www.acls-aatc.ca\/cihc-chic-content\/uploads\/2022\/06\/ACLS_IHCS_Project_Report_Guidelines_V14.pdf\">PDF)<\/a><\/li>\n\n\n\n<li>Journal de bord SICH AATC CHE <a href=\"https:\/\/www.acls-aatc.ca\/cihc-chic-content\/uploads\/2022\/07\/ACLS-IHCS-CHE-Logbook-V2.docx\">(WORD)<\/a><\/li>\n\n\n\n<li>R\u00e9sum\u00e9 du journal de bord SICH AATC CHE <a href=\"https:\/\/www.acls-aatc.ca\/cihc-chic-content\/uploads\/2022\/07\/ACLS-IHCS-CHE-Logbook-Summary-V5.docx\">(WORD)<\/a><\/li>\n\n\n\n<li>Instructions relatives au registre SICH AATC CHE <a href=\"https:\/\/www.acls-aatc.ca\/cihc-chic-content\/uploads\/2022\/06\/ACLS_IHCS_CHE_Logbook_Instructions_V2.pdf\">(PDF)<\/a><\/li>\n\n\n\n<li>SICH AATC Affirmation solennelle <a href=\"https:\/\/www.acls-aatc.ca\/cihc-chic-content\/uploads\/2022\/07\/ACLS-IHCS-Solemn-Affirmation-V6.docx\">(WORD)<\/a><\/li>\n\n\n\n<li>E2 \u2013 R\u00e9sultats d&rsquo;apprentissage en hydrographie avanc\u00e9e (PDF)<\/li>\n<\/ul>\n\n<ul style=\"line-height:1.2\" class=\"wp-block-list has-accent-3-color has-text-color has-link-color wp-elements-ec6917169934a074d239adf8711eb6d8\">\n<li>Demande de certification aupr\u00e8s de le SICH via l&rsquo;AHSCP \u2013 Formulaire avril 2020 <a href=\"https:\/\/www.acls-aatc.ca\/members-home\/2020-application-to-chcs-form-rev-04-08-apr\/\">(PDF)<\/a><\/li>\n\n\n\n<li>Demande de certification aupr\u00e8s de le SICH via l&rsquo;AHSCP \u2013 Proc\u00e9dure avril 2020 <a href=\"https:\/\/www.acls-aatc.ca\/members-home\/2020_-_application_to_chcs_-_procedure_-_rev_03_-_08_apr\/\">(PDF)<\/a><\/li>\n\n\n\n<li>Demande de certification aupr\u00e8s de le SICH via l&rsquo;AHSCP \u2013 Proc\u00e9dure avril 2020 <a href=\"https:\/\/www.acls-aatc.ca\/members-home\/2020_-_application_to_chcs_-_procedure_-_rev_03_-_08_apr\/\">(PDF)<\/a><\/li>\n\n\n\n<li>Demande de certification aupr\u00e8s de le SICH via l&rsquo;AHSCP \u2013 Proc\u00e9dure avril 2020 <a href=\"https:\/\/www.acls-aatc.ca\/members-home\/2020_-_application_to_chcs_-_procedure_-_rev_03_-_08_apr\/\">(PDF)<\/a><\/li>\n<\/ul>\n\n<p class=\"has-text-align-center has-accent-3-color has-text-color has-link-color has-x-large-font-size wp-elements-114fad372d1649ea25d2bc5d98f4848b\"><\/p>\n\n<div class=\"wp-block-buttons is-content-justification-center is-layout-flex wp-container-core-buttons-is-layout-a89b3969 wp-block-buttons-is-layout-flex\">\n<div class=\"wp-block-button\"><a class=\"wp-block-button__link has-base-color has-text-color has-link-color wp-element-button\" href=\"https:\/\/form.jotform.com\/250065409549056\" target=\"_blank\" rel=\"noreferrer noopener\">Inscrivez-vous !<\/a><\/div>\n<\/div>\n\n<p><\/p>\n\n<figure class=\"wp-block-gallery has-nested-images columns-default is-cropped wp-block-gallery-2 is-layout-flex wp-block-gallery-is-layout-flex\">\n<figure class=\"wp-block-image size-large\"><img loading=\"lazy\" decoding=\"async\" width=\"1024\" height=\"768\" data-id=\"38\" src=\"https:\/\/cihc-chic.ca\/cihc-chic-content\/uploads\/2025\/03\/DSCN0621-1024x768.jpg\" alt=\"\" class=\"wp-image-38\" srcset=\"https:\/\/cihc-chic.ca\/cihc-chic-content\/uploads\/2025\/03\/DSCN0621-1024x768.jpg 1024w, https:\/\/cihc-chic.ca\/cihc-chic-content\/uploads\/2025\/03\/DSCN0621-300x225.jpg 300w, https:\/\/cihc-chic.ca\/cihc-chic-content\/uploads\/2025\/03\/DSCN0621-768x576.jpg 768w, https:\/\/cihc-chic.ca\/cihc-chic-content\/uploads\/2025\/03\/DSCN0621-1536x1152.jpg 1536w, https:\/\/cihc-chic.ca\/cihc-chic-content\/uploads\/2025\/03\/DSCN0621.jpg 2000w\" sizes=\"auto, (max-width: 1024px) 100vw, 1024px\" \/><\/figure>\n\n\n\n<figure class=\"wp-block-image size-large\"><img loading=\"lazy\" decoding=\"async\" width=\"761\" height=\"540\" data-id=\"50\" src=\"https:\/\/cihc-chic.ca\/cihc-chic-content\/uploads\/2025\/03\/Zach_Topo.jpg\" alt=\"\" class=\"wp-image-50\" srcset=\"https:\/\/cihc-chic.ca\/cihc-chic-content\/uploads\/2025\/03\/Zach_Topo.jpg 761w, https:\/\/cihc-chic.ca\/cihc-chic-content\/uploads\/2025\/03\/Zach_Topo-300x213.jpg 300w\" sizes=\"auto, (max-width: 761px) 100vw, 761px\" \/><\/figure>\n\n\n\n<figure class=\"wp-block-image size-large\"><img loading=\"lazy\" decoding=\"async\" width=\"481\" height=\"540\" data-id=\"41\" src=\"https:\/\/cihc-chic.ca\/cihc-chic-content\/uploads\/2025\/03\/Liz_Nunavut.jpg\" alt=\"\" class=\"wp-image-41\" srcset=\"https:\/\/cihc-chic.ca\/cihc-chic-content\/uploads\/2025\/03\/Liz_Nunavut.jpg 481w, https:\/\/cihc-chic.ca\/cihc-chic-content\/uploads\/2025\/03\/Liz_Nunavut-267x300.jpg 267w\" sizes=\"auto, (max-width: 481px) 100vw, 481px\" \/><\/figure>\n<\/figure>\n\n<p><\/p>\n\n<p class=\"has-xx-large-font-size\"><strong>POUR RENOUVELLEMENT<\/strong><\/p>\n\n<ul class=\"wp-block-list has-accent-3-color has-text-color has-link-color wp-elements-c0bf08c9f5aa29f71a95e9aad66b7186\">\n<li>Formulaire de renouvellement SICH AATC <a href=\"https:\/\/www.acls-aatc.ca\/cihc-chic-content\/uploads\/2022\/07\/ACLS-IHCS-Renewal-Form-V4.docx\">(WORD)<\/a><\/li>\n<\/ul>\n\n<ul class=\"wp-block-list has-accent-3-color has-text-color has-link-color wp-elements-25ce2e04b2deb0165430657f1f1c06d0\">\n<li>Registre d&rsquo;exp\u00e9rience SICH AATC pour le renouvellement du certificat <a href=\"https:\/\/www.acls-aatc.ca\/cihc-chic-content\/uploads\/2022\/07\/ACLS-IHCS-Logbook-for-Renewal-V10.docx\">(WORD)<\/a><\/li>\n<\/ul>\n\n<p class=\"has-accent-3-color has-text-color has-link-color has-large-font-size wp-elements-03dd69ff7bee4e51f68090f840f3c455\"><b>Veillez \u00e0 pr\u00e9voir suffisamment de temps pour que votre renouvellement soit \u00e9valu\u00e9 et trait\u00e9. Nous vous recommandons d&rsquo;envoyer vos documents de renouvellement 30 \u00e0 45 jours avant la date limite du 1er janvier \u00e0 l&rsquo;adresse suivante :<\/b> <a href=\"mailto:hydrography@acls-aatc.ca\"><b>hydrography@acls-aatc.ca<\/b><\/a><\/p>\n\n<p><\/p>\n","protected":false},"excerpt":{"rendered":"<p>POUR LES CANDIDATS POUR RENOUVELLEMENT Veillez \u00e0 pr\u00e9voir suffisamment de temps pour que votre renouvellement soit \u00e9valu\u00e9 et trait\u00e9. Nous vous recommandons d&rsquo;envoyer vos documents de renouvellement 30 \u00e0 45 jours avant la date limite du 1er janvier \u00e0 l&rsquo;adresse suivante : hydrography@acls-aatc.ca<\/p>\n","protected":false},"author":29,"featured_media":0,"parent":0,"menu_order":0,"comment_status":"closed","ping_status":"closed","template":"","meta":{"footnotes":""},"class_list":["post-79","page","type-page","status-publish","hentry"],"_links":{"self":[{"href":"https:\/\/cihc-chic.ca\/fr\/wp-json\/wp\/v2\/pages\/79","targetHints":{"allow":["GET"]}}],"collection":[{"href":"https:\/\/cihc-chic.ca\/fr\/wp-json\/wp\/v2\/pages"}],"about":[{"href":"https:\/\/cihc-chic.ca\/fr\/wp-json\/wp\/v2\/types\/page"}],"author":[{"embeddable":true,"href":"https:\/\/cihc-chic.ca\/fr\/wp-json\/wp\/v2\/users\/29"}],"replies":[{"embeddable":true,"href":"https:\/\/cihc-chic.ca\/fr\/wp-json\/wp\/v2\/comments?post=79"}],"version-history":[{"count":2,"href":"https:\/\/cihc-chic.ca\/fr\/wp-json\/wp\/v2\/pages\/79\/revisions"}],"predecessor-version":[{"id":499,"href":"https:\/\/cihc-chic.ca\/fr\/wp-json\/wp\/v2\/pages\/79\/revisions\/499"}],"wp:attachment":[{"href":"https:\/\/cihc-chic.ca\/fr\/wp-json\/wp\/v2\/media?parent=79"}],"curies":[{"name":"wp","href":"https:\/\/api.w.org\/{rel}","templated":true}]}}